{"id":1300,"date":"2025-08-09T18:56:55","date_gmt":"2025-08-09T16:56:55","guid":{"rendered":"https:\/\/champagnemaugran.com\/?page_id=1300"},"modified":"2025-08-29T10:45:51","modified_gmt":"2025-08-29T08:45:51","slug":"le-processus","status":"publish","type":"page","link":"https:\/\/champagnemaugran.com\/?page_id=1300","title":{"rendered":"Notre Savoir Faire"},"content":{"rendered":"\t\t<div data-elementor-type=\"wp-page\" data-elementor-id=\"1300\" class=\"elementor elementor-1300\">\n\t\t\t\t<div class=\"elementor-element elementor-element-81832d0 e-grid e-con-full e-con e-parent\" data-id=\"81832d0\" data-element_type=\"container\" data-e-type=\"container\" data-settings=\"{&quot;background_background&quot;:&quot;classic&quot;}\">\n\t\t\t\t<div class=\"elementor-element elementor-element-611332f elementor-widget elementor-widget-image\" data-id=\"611332f\" data-element_type=\"widget\" data-e-type=\"widget\" data-widget_type=\"image.default\">\n\t\t\t\t\t\t\t\t\t\t\t\t\t\t\t<img fetchpriority=\"high\" width=\"2560\" height=\"1600\"  class=\"attachment-full size-full wp-image-1271 lws-optimize-lazyload\" alt=\"\" srcset=\"https:\/\/champagnemaugran.com\/wp-content\/uploads\/2025\/08\/4-Bottles-scaled.jpg 2560w, https:\/\/champagnemaugran.com\/wp-content\/uploads\/2025\/08\/4-Bottles-600x375.jpg 600w, https:\/\/champagnemaugran.com\/wp-content\/uploads\/2025\/08\/4-Bottles-300x188.jpg 300w, https:\/\/champagnemaugran.com\/wp-content\/uploads\/2025\/08\/4-Bottles-1024x640.jpg 1024w, https:\/\/champagnemaugran.com\/wp-content\/uploads\/2025\/08\/4-Bottles-768x480.jpg 768w, https:\/\/champagnemaugran.com\/wp-content\/uploads\/2025\/08\/4-Bottles-1536x960.jpg 1536w\" sizes=\"(max-width: 2560px) 100vw, 2560px\" \/ data-src=\"https:\/\/champagnemaugran.com\/wp-content\/uploads\/2025\/08\/4-Bottles-scaled.jpg\">\t\t\t\t\t\t\t\t\t\t\t\t\t\t\t<\/div>\n\t\t\t\t<\/div>\n\t\t<div class=\"elementor-element elementor-element-25d5428 e-flex e-con-boxed e-con e-parent\" data-id=\"25d5428\" data-element_type=\"container\" data-e-type=\"container\">\n\t\t\t\t\t<div class=\"e-con-inner\">\n\t\t\t\t<div class=\"elementor-element elementor-element-349041b elementor-widget elementor-widget-spacer\" data-id=\"349041b\" data-element_type=\"widget\" data-e-type=\"widget\" data-widget_type=\"spacer.default\">\n\t\t\t\t\t\t\t<div class=\"elementor-spacer\">\n\t\t\t<div class=\"elementor-spacer-inner\"><\/div>\n\t\t<\/div>\n\t\t\t\t\t\t<\/div>\n\t\t\t\t\t<\/div>\n\t\t\t\t<\/div>\n\t\t<div class=\"elementor-element elementor-element-bf82aa5 e-flex e-con-boxed e-con e-parent\" data-id=\"bf82aa5\" data-element_type=\"container\" data-e-type=\"container\">\n\t\t\t\t\t<div class=\"e-con-inner\">\n\t\t\t\t<div class=\"elementor-element elementor-element-04618a7 elementor-widget elementor-widget-image\" data-id=\"04618a7\" data-element_type=\"widget\" data-e-type=\"widget\" data-widget_type=\"image.default\">\n\t\t\t\t\t\t\t\t\t\t\t\t\t\t\t<img  title=\"MAUGRAN_Plan de travail 1\" alt=\"MAUGRAN_Plan de travail 1\" loading=\"lazy\" \/ class=\"lws-optimize-lazyload\" data-src=\"https:\/\/champagnemaugran.com\/wp-content\/uploads\/elementor\/thumbs\/MAUGRAN_Plan-de-travail-1-1-scaled-ra0h1wqeji73nwoaw3eckge9etmpsozrq4u1nl1ppc.png\">\t\t\t\t\t\t\t\t\t\t\t\t\t\t\t<\/div>\n\t\t\t\t\t<\/div>\n\t\t\t\t<\/div>\n\t\t<div class=\"elementor-element elementor-element-92daf3e e-grid e-con-boxed e-con e-parent\" data-id=\"92daf3e\" data-element_type=\"container\" data-e-type=\"container\">\n\t\t\t\t\t<div class=\"e-con-inner\">\n\t\t\t\t<div class=\"elementor-element elementor-element-300b4ff elementor-widget elementor-widget-text-editor\" data-id=\"300b4ff\" data-element_type=\"widget\" data-e-type=\"widget\" data-widget_type=\"text-editor.default\">\n\t\t\t\t\t\t\t\t\t<h2 style=\"text-align: center;\">L\u2019art de donner vie au Champagne :<\/h2><div>\u00a0<\/div><div>Les champagnes Maugran sont \u00e9labor\u00e9s selon la m\u00e9thode traditionnelle champenoise, garantissant authenticit\u00e9, finesse et \u00e9l\u00e9gance.<\/div><div>\u00a0<\/div><div>\u2022Apr\u00e8s une vendange manuelle soigneuse, le pressurage doux extrait le jus de raisin avec d\u00e9licatesse.<\/div><div>\u2022La premi\u00e8re fermentation transforme ce jus en vin tranquille, base de l\u2019assemblage.<\/div><div>\u2022Les diff\u00e9rentes cuv\u00e9es sont compos\u00e9es par l\u2019assemblage pr\u00e9cis des c\u00e9pages caract\u00e9ristiques de la Champagne (Pinot Noir, Meunier, Chardonnay), selon le style propre \u00e0 chaque cuv\u00e9e.<\/div><div>\u2022La mise en bouteille est accompagn\u00e9e de l\u2019ajout de levures et de sucres pour d\u00e9clencher la seconde fermentation en bouteille, cr\u00e9ant ainsi la prise de mousse naturelle.<\/div><div>\u2022Le vieillissement sur lies dure au minimum 3 ans, apportant complexit\u00e9 aromatique, texture et finesse.<\/div><div>\u2022Le remuage et le d\u00e9gorgement \u00e9liminent les d\u00e9p\u00f4ts, assurant clart\u00e9 et puret\u00e9.<\/div><div>\u2022La liqueur de dosage est ajust\u00e9e avec pr\u00e9cision selon le style de chaque cuv\u00e9e (Extra Brut, Brut, Ros\u00e9).<\/div><div>\u2022Un affinage compl\u00e9mentaire de 2 \u00e0 6 mois apr\u00e8s dosage permet d\u2019harmoniser pleinement chaque champagne avant sa commercialisation.<\/div><div>\u00a0<\/div><div>Chaque cuv\u00e9e Maugran refl\u00e8te un engagement \u00e0 la qualit\u00e9, au respect du terroir et \u00e0 l\u2019expression \u00e9l\u00e9gante et authentique du champagne.<\/div><p style=\"text-align: center;\"><span style=\"font-size: 16px;\"> de cr\u00e9er Maugran, c\u2019est notre amour partag\u00e9 pour la gastronomie raffin\u00e9e, les saveurs authentiques, et ces instants pr\u00e9cieux que l\u2019on savoure autour d\u2019une table d\u2019exception. Le Champagne y trouve naturellement sa place, expression ultime de l\u2019\u00e9l\u00e9gance et du raffinement.<\/span><\/p><p style=\"text-align: center;\">Maugran est une marque luxembourgeoise, fi\u00e8rement ancr\u00e9e dans cette terre o\u00f9 la rose \u201cCharlotte\u201d, en hommage \u00e0 la Grande-Duchesse, incarne l\u2019\u00e9l\u00e9gance et la r\u00e9sistance. C\u2019est ce m\u00eame esprit que nous avons voulu insuffler dans chacune de nos cuv\u00e9es.<\/p><p style=\"text-align: center;\">Aujourd\u2019hui, la Maison Maugran propose quatre expressions diff\u00e9rentes, chacune reflet d\u2019un \u00e9quilibre subtil, d\u2019une puret\u00e9 rare, et d\u2019une \u00e9motion intemporelle. <br \/>un v\u00e9ritable hommage \u00e0 l\u2019art\u00a0du\u00a0Champagne\u00a0!<\/p><p>\u00a0<\/p><div>Notes de d\u00e9gustation<\/div><div>\u2022Robe : or p\u00e2le lumineux, anim\u00e9e de bulles fines et persistantes.<\/div><div>\u2022Nez : vif et expressif, marqu\u00e9 par les agrumes frais, la poire croquante et de d\u00e9licates notes florales, soutenus par une touche min\u00e9rale crayeuse.<\/div><div>\u2022Bouche : droite et tendue, offrant une fra\u00eecheur cisel\u00e9e, une belle \u00e9nergie et une finale \u00e9l\u00e9gamment saline aux accents l\u00e9g\u00e8rement brioch\u00e9s.<\/div><div>\u00a0<\/div><div>Accords mets &amp; Champagne<\/div><div>\u00a0<\/div><div>L\u2019Extra Brut Maugran accompagne avec \u00e9clat les instants raffin\u00e9s :<\/div><div>\u2022Hu\u00eetres fines de claire, caviar, sashimis et carpaccio de Saint-Jacques<\/div><div>\u2022Poissons nobles grill\u00e9s ou en tartare (bar, sole, dorade)<\/div><div>\u2022Volaille d\u00e9licatement r\u00f4tie, veau aux agrumes<\/div><div>\u2022Fromages \u00e0 p\u00e2te dure ou affin\u00e9s : parmesan, comt\u00e9 jeune<\/div><div>\u00a0<\/div><div>Un champagne de gastronomie comme d\u2019ap\u00e9ritif, symbole d\u2019\u00e9l\u00e9gance et de puret\u00e9.<\/div>\t\t\t\t\t\t\t\t<\/div>\n\t\t\t\t\t<\/div>\n\t\t\t\t<\/div>\n\t\t<div class=\"elementor-element elementor-element-34032ad e-flex e-con-boxed e-con e-parent\" data-id=\"34032ad\" data-element_type=\"container\" data-e-type=\"container\">\n\t\t\t\t\t<div class=\"e-con-inner\">\n\t\t\t\t<div class=\"elementor-element elementor-element-556bd86 elementor-widget elementor-widget-spacer\" data-id=\"556bd86\" data-element_type=\"widget\" data-e-type=\"widget\" data-widget_type=\"spacer.default\">\n\t\t\t\t\t\t\t<div class=\"elementor-spacer\">\n\t\t\t<div class=\"elementor-spacer-inner\"><\/div>\n\t\t<\/div>\n\t\t\t\t\t\t<\/div>\n\t\t\t\t\t<\/div>\n\t\t\t\t<\/div>\n\t\t<div class=\"elementor-element elementor-element-36573c1 e-con-full e-flex e-con e-parent\" data-id=\"36573c1\" data-element_type=\"container\" data-e-type=\"container\" data-settings=\"{&quot;background_background&quot;:&quot;classic&quot;}\">\n\t\t<div class=\"elementor-element elementor-element-f8db1c6 e-con-full e-flex e-con e-child\" data-id=\"f8db1c6\" data-element_type=\"container\" data-e-type=\"container\">\n\t\t\t\t<div class=\"elementor-element elementor-element-40161cc elementor-widget elementor-widget-image\" data-id=\"40161cc\" data-element_type=\"widget\" data-e-type=\"widget\" data-widget_type=\"image.default\">\n\t\t\t\t\t\t\t\t\t\t\t\t\t\t\t<img width=\"1024\" height=\"362\"  class=\"attachment-large size-large wp-image-1121 lws-optimize-lazyload\" alt=\"\" srcset=\"https:\/\/champagnemaugran.com\/wp-content\/uploads\/2025\/08\/MAUGRAN-08-1024x362.png 1024w, https:\/\/champagnemaugran.com\/wp-content\/uploads\/2025\/08\/MAUGRAN-08-scaled-600x212.png 600w, https:\/\/champagnemaugran.com\/wp-content\/uploads\/2025\/08\/MAUGRAN-08-300x106.png 300w, https:\/\/champagnemaugran.com\/wp-content\/uploads\/2025\/08\/MAUGRAN-08-768x272.png 768w, https:\/\/champagnemaugran.com\/wp-content\/uploads\/2025\/08\/MAUGRAN-08-1536x543.png 1536w, https:\/\/champagnemaugran.com\/wp-content\/uploads\/2025\/08\/MAUGRAN-08-2048x725.png 2048w\" sizes=\"(max-width: 1024px) 100vw, 1024px\" \/ data-src=\"https:\/\/champagnemaugran.com\/wp-content\/uploads\/2025\/08\/MAUGRAN-08-1024x362.png\">\t\t\t\t\t\t\t\t\t\t\t\t\t\t\t<\/div>\n\t\t\t\t<\/div>\n\t\t<div class=\"elementor-element elementor-element-46d51f1 e-con-full e-flex e-con e-child\" data-id=\"46d51f1\" data-element_type=\"container\" data-e-type=\"container\">\n\t\t\t\t<div class=\"elementor-element elementor-element-923463f elementor-widget elementor-widget-text-editor\" data-id=\"923463f\" data-element_type=\"widget\" data-e-type=\"widget\" data-widget_type=\"text-editor.default\">\n\t\t\t\t\t\t\t\t\t<h5><strong><span style=\"color: #999999;\">Contact:<\/span><\/strong><\/h5><p><span style=\"color: #999999;\">Email: info@champagnemaugran.com<br \/>T\u00e9l: +352 661 532 534<\/span><\/p>\t\t\t\t\t\t\t\t<\/div>\n\t\t\t\t<\/div>\n\t\t<div class=\"elementor-element elementor-element-4fc0fde e-con-full e-flex e-con e-child\" data-id=\"4fc0fde\" data-element_type=\"container\" data-e-type=\"container\">\n\t\t\t\t<div class=\"elementor-element elementor-element-6c39a56 elementor-widget elementor-widget-text-editor\" data-id=\"6c39a56\" data-element_type=\"widget\" data-e-type=\"widget\" data-widget_type=\"text-editor.default\">\n\t\t\t\t\t\t\t\t\t<p><strong><span style=\"color: #999999;\">Follow us<\/span><\/strong><\/p><p><a href=\"https:\/\/www.facebook.com\/profile.php?id=61579269835344\"><span style=\"color: #999999;\">Facebook<\/span><\/a><br \/><a href=\"https:\/\/www.instagram.com\/maugran_champagne_?igsh=bDJtdGtma2NoaHdr\"><span style=\"color: #999999;\">Instagram<\/span><\/a><\/p>\t\t\t\t\t\t\t\t<\/div>\n\t\t\t\t<\/div>\n\t\t<div class=\"elementor-element elementor-element-6b069ac e-con-full e-flex e-con e-child\" data-id=\"6b069ac\" data-element_type=\"container\" data-e-type=\"container\">\n\t\t\t\t<div class=\"elementor-element elementor-element-081e15c elementor-widget elementor-widget-text-editor\" data-id=\"081e15c\" data-element_type=\"widget\" data-e-type=\"widget\" data-widget_type=\"text-editor.default\">\n\t\t\t\t\t\t\t\t\t<p><span style=\"color: #999999;\"><strong>Adresse,<\/strong>\u00a0<\/span><br \/><br \/><span style=\"color: #999999;\">Luxembourg<\/span><\/p>\t\t\t\t\t\t\t\t<\/div>\n\t\t\t\t<\/div>\n\t\t\t\t<\/div>\n\t\t\t\t<\/div>\n\t\t","protected":false},"excerpt":{"rendered":"<p>L\u2019art de donner vie au Champagne : \u00a0Les champagnes Maugran sont \u00e9labor\u00e9s selon la m\u00e9thode traditionnelle champenoise, garantissant authenticit\u00e9, finesse [&hellip;]<\/p>\n","protected":false},"author":1,"featured_media":0,"parent":0,"menu_order":2,"comment_status":"closed","ping_status":"closed","template":"","meta":{"site-sidebar-layout":"no-sidebar","site-content-layout":"","ast-site-content-layout":"full-width-container","site-content-style":"default","site-sidebar-style":"default","ast-global-header-display":"","ast-banner-title-visibility":"","ast-main-header-display":"","ast-hfb-above-header-display":"","ast-hfb-below-header-display":"","ast-hfb-mobile-header-display":"","site-post-title":"disabled","ast-breadcrumbs-content":"","ast-featured-img":"disabled","footer-sml-layout":"","theme-transparent-header-meta":"","adv-header-id-meta":"","stick-header-meta":"","header-above-stick-meta":"","header-main-stick-meta":"","header-below-stick-meta":"","astra-migrate-meta-layouts":"default","ast-page-background-enabled":"default","ast-page-background-meta":{"desktop":{"background-color":"var(--ast-global-color-5)","background-image":"","background-repeat":"repeat","background-position":"center center","background-size":"auto","background-attachment":"scroll","background-type":"","background-media":"","overlay-type":"","overlay-color":"","overlay-opacity":"","overlay-gradient":""},"tablet":{"background-color":"","background-image":"","background-repeat":"repeat","background-position":"center center","background-size":"auto","background-attachment":"scroll","background-type":"","background-media":"","overlay-type":"","overlay-color":"","overlay-opacity":"","overlay-gradient":""},"mobile":{"background-color":"","background-image":"","background-repeat":"repeat","background-position":"center center","background-size":"auto","background-attachment":"scroll","background-type":"","background-media":"","overlay-type":"","overlay-color":"","overlay-opacity":"","overlay-gradient":""}},"ast-content-background-meta":{"desktop":{"background-color":"var(--ast-global-color-4)","background-image":"","background-repeat":"repeat","background-position":"center center","background-size":"auto","background-attachment":"scroll","background-type":"","background-media":"","overlay-type":"","overlay-color":"","overlay-opacity":"","overlay-gradient":""},"tablet":{"background-color":"var(--ast-global-color-4)","background-image":"","background-repeat":"repeat","background-position":"center center","background-size":"auto","background-attachment":"scroll","background-type":"","background-media":"","overlay-type":"","overlay-color":"","overlay-opacity":"","overlay-gradient":""},"mobile":{"background-color":"var(--ast-global-color-4)","background-image":"","background-repeat":"repeat","background-position":"center center","background-size":"auto","background-attachment":"scroll","background-type":"","background-media":"","overlay-type":"","overlay-color":"","overlay-opacity":"","overlay-gradient":""}},"footnotes":""},"class_list":["post-1300","page","type-page","status-publish","hentry"],"yoast_head":"<!-- This site is optimized with the Yoast SEO plugin v27.5 - https:\/\/yoast.com\/product\/yoast-seo-wordpress\/ -->\n<title>Notre Savoir Faire -<\/title>\n<meta name=\"robots\" content=\"index, follow, max-snippet:-1, max-image-preview:large, max-video-preview:-1\" \/>\n<link rel=\"canonical\" href=\"https:\/\/champagnemaugran.com\/?page_id=1300\" \/>\n<meta property=\"og:locale\" content=\"en_US\" \/>\n<meta property=\"og:type\" content=\"article\" \/>\n<meta property=\"og:title\" content=\"Notre Savoir Faire -\" \/>\n<meta property=\"og:description\" content=\"L\u2019art de donner vie au Champagne : \u00a0Les champagnes Maugran sont \u00e9labor\u00e9s selon la m\u00e9thode traditionnelle champenoise, garantissant authenticit\u00e9, finesse [&hellip;]\" \/>\n<meta property=\"og:url\" content=\"https:\/\/champagnemaugran.com\/?page_id=1300\" \/>\n<meta property=\"article:modified_time\" content=\"2025-08-29T08:45:51+00:00\" \/>\n<meta property=\"og:image\" content=\"https:\/\/champagnemaugran.com\/wp-content\/uploads\/2025\/08\/4-Bottles.jpg\" \/>\n<meta name=\"twitter:card\" content=\"summary_large_image\" \/>\n<meta name=\"twitter:label1\" content=\"Est. reading time\" \/>\n\t<meta name=\"twitter:data1\" content=\"2 minutes\" \/>\n<script type=\"application\/ld+json\" class=\"yoast-schema-graph\">{\"@context\":\"https:\\\/\\\/schema.org\",\"@graph\":[{\"@type\":\"WebPage\",\"@id\":\"https:\\\/\\\/champagnemaugran.com\\\/?page_id=1300\",\"url\":\"https:\\\/\\\/champagnemaugran.com\\\/?page_id=1300\",\"name\":\"Notre Savoir Faire -\",\"isPartOf\":{\"@id\":\"https:\\\/\\\/champagnemaugran.com\\\/#website\"},\"primaryImageOfPage\":{\"@id\":\"https:\\\/\\\/champagnemaugran.com\\\/?page_id=1300#primaryimage\"},\"image\":{\"@id\":\"https:\\\/\\\/champagnemaugran.com\\\/?page_id=1300#primaryimage\"},\"thumbnailUrl\":\"https:\\\/\\\/champagnemaugran.com\\\/wp-content\\\/uploads\\\/2025\\\/08\\\/4-Bottles.jpg\",\"datePublished\":\"2025-08-09T16:56:55+00:00\",\"dateModified\":\"2025-08-29T08:45:51+00:00\",\"breadcrumb\":{\"@id\":\"https:\\\/\\\/champagnemaugran.com\\\/?page_id=1300#breadcrumb\"},\"inLanguage\":\"en-US\",\"potentialAction\":[{\"@type\":\"ReadAction\",\"target\":[\"https:\\\/\\\/champagnemaugran.com\\\/?page_id=1300\"]}]},{\"@type\":\"ImageObject\",\"inLanguage\":\"en-US\",\"@id\":\"https:\\\/\\\/champagnemaugran.com\\\/?page_id=1300#primaryimage\",\"url\":\"https:\\\/\\\/champagnemaugran.com\\\/wp-content\\\/uploads\\\/2025\\\/08\\\/4-Bottles-scaled.jpg\",\"contentUrl\":\"https:\\\/\\\/champagnemaugran.com\\\/wp-content\\\/uploads\\\/2025\\\/08\\\/4-Bottles-scaled.jpg\",\"width\":2560,\"height\":1600},{\"@type\":\"BreadcrumbList\",\"@id\":\"https:\\\/\\\/champagnemaugran.com\\\/?page_id=1300#breadcrumb\",\"itemListElement\":[{\"@type\":\"ListItem\",\"position\":1,\"name\":\"Home\",\"item\":\"https:\\\/\\\/champagnemaugran.com\\\/\"},{\"@type\":\"ListItem\",\"position\":2,\"name\":\"Notre Savoir Faire\"}]},{\"@type\":\"WebSite\",\"@id\":\"https:\\\/\\\/champagnemaugran.com\\\/#website\",\"url\":\"https:\\\/\\\/champagnemaugran.com\\\/\",\"name\":\"\",\"description\":\"Champagne\",\"potentialAction\":[{\"@type\":\"SearchAction\",\"target\":{\"@type\":\"EntryPoint\",\"urlTemplate\":\"https:\\\/\\\/champagnemaugran.com\\\/?s={search_term_string}\"},\"query-input\":{\"@type\":\"PropertyValueSpecification\",\"valueRequired\":true,\"valueName\":\"search_term_string\"}}],\"inLanguage\":\"en-US\"}]}<\/script>\n<!-- \/ Yoast SEO plugin. -->","yoast_head_json":{"title":"Notre Savoir Faire -","robots":{"index":"index","follow":"follow","max-snippet":"max-snippet:-1","max-image-preview":"max-image-preview:large","max-video-preview":"max-video-preview:-1"},"canonical":"https:\/\/champagnemaugran.com\/?page_id=1300","og_locale":"en_US","og_type":"article","og_title":"Notre Savoir Faire -","og_description":"L\u2019art de donner vie au Champagne : \u00a0Les champagnes Maugran sont \u00e9labor\u00e9s selon la m\u00e9thode traditionnelle champenoise, garantissant authenticit\u00e9, finesse [&hellip;]","og_url":"https:\/\/champagnemaugran.com\/?page_id=1300","article_modified_time":"2025-08-29T08:45:51+00:00","og_image":[{"url":"https:\/\/champagnemaugran.com\/wp-content\/uploads\/2025\/08\/4-Bottles.jpg","type":"","width":"","height":""}],"twitter_card":"summary_large_image","twitter_misc":{"Est. reading time":"2 minutes"},"schema":{"@context":"https:\/\/schema.org","@graph":[{"@type":"WebPage","@id":"https:\/\/champagnemaugran.com\/?page_id=1300","url":"https:\/\/champagnemaugran.com\/?page_id=1300","name":"Notre Savoir Faire -","isPartOf":{"@id":"https:\/\/champagnemaugran.com\/#website"},"primaryImageOfPage":{"@id":"https:\/\/champagnemaugran.com\/?page_id=1300#primaryimage"},"image":{"@id":"https:\/\/champagnemaugran.com\/?page_id=1300#primaryimage"},"thumbnailUrl":"https:\/\/champagnemaugran.com\/wp-content\/uploads\/2025\/08\/4-Bottles.jpg","datePublished":"2025-08-09T16:56:55+00:00","dateModified":"2025-08-29T08:45:51+00:00","breadcrumb":{"@id":"https:\/\/champagnemaugran.com\/?page_id=1300#breadcrumb"},"inLanguage":"en-US","potentialAction":[{"@type":"ReadAction","target":["https:\/\/champagnemaugran.com\/?page_id=1300"]}]},{"@type":"ImageObject","inLanguage":"en-US","@id":"https:\/\/champagnemaugran.com\/?page_id=1300#primaryimage","url":"https:\/\/champagnemaugran.com\/wp-content\/uploads\/2025\/08\/4-Bottles-scaled.jpg","contentUrl":"https:\/\/champagnemaugran.com\/wp-content\/uploads\/2025\/08\/4-Bottles-scaled.jpg","width":2560,"height":1600},{"@type":"BreadcrumbList","@id":"https:\/\/champagnemaugran.com\/?page_id=1300#breadcrumb","itemListElement":[{"@type":"ListItem","position":1,"name":"Home","item":"https:\/\/champagnemaugran.com\/"},{"@type":"ListItem","position":2,"name":"Notre Savoir Faire"}]},{"@type":"WebSite","@id":"https:\/\/champagnemaugran.com\/#website","url":"https:\/\/champagnemaugran.com\/","name":"","description":"Champagne","potentialAction":[{"@type":"SearchAction","target":{"@type":"EntryPoint","urlTemplate":"https:\/\/champagnemaugran.com\/?s={search_term_string}"},"query-input":{"@type":"PropertyValueSpecification","valueRequired":true,"valueName":"search_term_string"}}],"inLanguage":"en-US"}]}},"jetpack_sharing_enabled":true,"_links":{"self":[{"href":"https:\/\/champagnemaugran.com\/index.php?rest_route=\/wp\/v2\/pages\/1300","targetHints":{"allow":["GET"]}}],"collection":[{"href":"https:\/\/champagnemaugran.com\/index.php?rest_route=\/wp\/v2\/pages"}],"about":[{"href":"https:\/\/champagnemaugran.com\/index.php?rest_route=\/wp\/v2\/types\/page"}],"author":[{"embeddable":true,"href":"https:\/\/champagnemaugran.com\/index.php?rest_route=\/wp\/v2\/users\/1"}],"replies":[{"embeddable":true,"href":"https:\/\/champagnemaugran.com\/index.php?rest_route=%2Fwp%2Fv2%2Fcomments&post=1300"}],"version-history":[{"count":30,"href":"https:\/\/champagnemaugran.com\/index.php?rest_route=\/wp\/v2\/pages\/1300\/revisions"}],"predecessor-version":[{"id":1440,"href":"https:\/\/champagnemaugran.com\/index.php?rest_route=\/wp\/v2\/pages\/1300\/revisions\/1440"}],"wp:attachment":[{"href":"https:\/\/champagnemaugran.com\/index.php?rest_route=%2Fwp%2Fv2%2Fmedia&parent=1300"}],"curies":[{"name":"wp","href":"https:\/\/api.w.org\/{rel}","templated":true}]}}